{"id":14,"date":"2025-09-02T16:50:20","date_gmt":"2025-09-02T14:50:20","guid":{"rendered":"https:\/\/evenemant.fi\/?page_id=14"},"modified":"2025-09-02T18:04:18","modified_gmt":"2025-09-02T16:04:18","slug":"etusivu","status":"publish","type":"page","link":"https:\/\/evenemant.fi\/","title":{"rendered":"Etusivu"},"content":{"rendered":"\n<div class=\"wp-block-cover alignfull\" style=\"min-height:100vh;aspect-ratio:unset;\"><img fetchpriority=\"high\" decoding=\"async\" width=\"1240\" height=\"900\" class=\"wp-block-cover__image-background wp-image-8\" alt=\"\" src=\"https:\/\/evenemant.fi\/wp-content\/uploads\/2025\/09\/Evenemant-saa-tapahtumat-onnistumaan.jpg\" data-object-fit=\"cover\" srcset=\"https:\/\/evenemant.fi\/wp-content\/uploads\/2025\/09\/Evenemant-saa-tapahtumat-onnistumaan.jpg 1240w, https:\/\/evenemant.fi\/wp-content\/uploads\/2025\/09\/Evenemant-saa-tapahtumat-onnistumaan-300x218.jpg 300w, https:\/\/evenemant.fi\/wp-content\/uploads\/2025\/09\/Evenemant-saa-tapahtumat-onnistumaan-1024x743.jpg 1024w, https:\/\/evenemant.fi\/wp-content\/uploads\/2025\/09\/Evenemant-saa-tapahtumat-onnistumaan-768x557.jpg 768w\" sizes=\"(max-width: 1240px) 100vw, 1240px\" \/><span aria-hidden=\"true\" class=\"wp-block-cover__background has-background-dim-20 has-background-dim\" style=\"background-color:#5b475a\"><\/span><div class=\"wp-block-cover__inner-container has-global-padding is-layout-constrained wp-block-cover-is-layout-constrained\">\n<p class=\"has-text-align-center has-white-color has-text-color has-max-60-font-size\" style=\"font-style:normal;font-weight:900;line-height:1.2\">Onnistuneiden <br>tapahtumien tuottaja<\/p>\n\n\n\n<p class=\"has-text-align-center has-white-color has-text-color has-large-font-size\" style=\"font-style:normal;font-weight:900;line-height:1.2\"><br><br><\/p>\n\n\n\n<div style=\"height:55px\" aria-hidden=\"true\" class=\"wp-block-spacer\"><\/div>\n<\/div><\/div>\n\n\n\n<div class=\"wp-block-group has-global-padding is-layout-constrained wp-block-group-is-layout-constrained\">\n<div style=\"height:57px\" aria-hidden=\"true\" class=\"wp-block-spacer\"><\/div>\n\n\n\n<h2 class=\"wp-block-heading has-text-align-center has-medium-font-size\" style=\"letter-spacing:1px\">EVENEMANT SAA TAPAHTUMASI ONNISTUMAAN<\/h2>\n\n\n\n<p class=\"has-text-align-center\">Evenemant Oy on tapahtumatuottaja ja tapahtuma-alan todellinen moniottelija. Moni tuntee meid\u00e4t ehk\u00e4 paremmin toisella br\u00e4ndill\u00e4mme: <a href=\"https:\/\/kauppakeskustapahtumat.fi\/\">Suomen Kauppakeskustapahtumat<\/a>. Mutta meill\u00e4 on vuosikymmenten kokemus erilaisten gaalojen, VIP-tilaisuuksien, ohjelmallisten asiakas- ja henkil\u00f6kuntatilaisuuksien sek\u00e4 muiden yritystapahtumien suunnittelijana ja toteuttajana. Meille on t\u00e4rke\u00e4\u00e4 luoda puitteet, joissa niin asiakkaat kuin vieraat voivat saada el\u00e4myksi\u00e4 ja tuntevat viihtyv\u00e4ns\u00e4, visuaalisia maailmoja my\u00f6ten.<\/p>\n\n\n\n<p class=\"has-text-align-center\">Olemme t\u00e4yden palvelun tapahtumatuottaja. Otamme tapahtuman k\u00e4siimme ja pid\u00e4mme siit\u00e4 huolta yksityiskohtia my\u00f6ten loppuun asti. <br>Toiveista ja tarpeista riippuen suunnittelemme ja toteutamme. Etsimme oikeat osaajat ja sopivat esiintyj\u00e4t. K\u00e4sikirjoitamme ja somistamme. Hoidamme paikalle tekniikan, tarjoilun ja muun henkil\u00f6kunnan. Lopuksi siivoamme j\u00e4lkemme.<\/p>\n\n\n\n<div style=\"height:var(--wp--preset--spacing--x-small)\" aria-hidden=\"true\" class=\"wp-block-spacer\"><\/div>\n\n\n\n<p class=\"has-text-align-center has-medium-font-size\"><em><strong>Miten voisimme olla avuksi?<\/strong><\/em><\/p>\n\n\n\n<p class=\"has-text-align-center has-small-font-size\">Ota yhteytt\u00e4 &#8211; suunnitellaan ja toteutaan yhdess\u00e4 yrityksesi onnistuneimmat tapahtumat!<\/p>\n\n\n\n<div style=\"height:24px\" aria-hidden=\"true\" class=\"wp-block-spacer\"><\/div>\n\n\n\n<p class=\"has-text-align-center\"><strong>Evenemant Oy<\/strong><\/p>\n\n\n\n<div class=\"wp-block-columns is-layout-flex wp-container-core-columns-is-layout-28f84493 wp-block-columns-is-layout-flex\">\n<div class=\"wp-block-column is-layout-flow wp-block-column-is-layout-flow\" style=\"flex-basis:25%\"><\/div>\n\n\n\n<div class=\"wp-block-column is-layout-flow wp-block-column-is-layout-flow\" style=\"flex-basis:50%\">\n<p class=\"has-text-align-center\"><strong>Tomppa Boucht<\/strong><br>boucht@evenemant.fi<br>p.+358 40 072 9888<\/p>\n\n\n\n<p class=\"has-text-align-center\"><strong>Suski Vilkkula<\/strong><br>suski@evenemant.fi<br>p.+358 40 050 7466<\/p>\n<\/div>\n\n\n\n<div class=\"wp-block-column is-layout-flow wp-block-column-is-layout-flow\" style=\"flex-basis:25%\"><\/div>\n<\/div>\n<\/div>\n","protected":false},"excerpt":{"rendered":"<p>EVENEMANT SAA TAPAHTUMASI ONNISTUMAAN Evenemant Oy on tapahtumatuottaja ja tapahtuma-alan todellinen moniottelija. Moni tuntee meid\u00e4t ehk\u00e4 paremmin toisella br\u00e4ndill\u00e4mme: Suomen Kauppakeskustapahtumat. Mutta meill\u00e4 on vuosikymmenten kokemus erilaisten gaalojen, VIP-tilaisuuksien, ohjelmallisten asiakas- ja henkil\u00f6kuntatilaisuuksien sek\u00e4 muiden yritystapahtumien suunnittelijana ja toteuttajana. Meille on t\u00e4rke\u00e4\u00e4 luoda puitteet, joissa niin asiakkaat kuin vieraat voivat saada el\u00e4myksi\u00e4 ja tuntevat viihtyv\u00e4ns\u00e4, &hellip; <\/p>\n<p class=\"link-more\"><a href=\"https:\/\/evenemant.fi\/\" class=\"more-link\">Read more<span class=\"screen-reader-text\"> &#8221;Etusivu&#8221;<\/span><\/a><\/p>\n","protected":false},"author":1,"featured_media":0,"parent":0,"menu_order":0,"comment_status":"closed","ping_status":"closed","template":"page-templates\/homepage-builder-bb.php","meta":{"footnotes":""},"class_list":["post-14","page","type-page","status-publish","hentry"],"yoast_head":"<!-- This site is optimized with the Yoast SEO plugin v25.8 - https:\/\/yoast.com\/wordpress\/plugins\/seo\/ -->\n<title>Etusivu - Evenemant - Events and Stuff<\/title>\n<meta name=\"description\" content=\"Evenemant Oy on t\u00e4yden palvelun tapahtumatuottaja, joka saa tapahtumasi onnistumaan. Toteutamme monenlaisia yleis\u00f6- ja yritystapahtumia.\" \/>\n<meta name=\"robots\" content=\"index, follow, max-snippet:-1, max-image-preview:large, max-video-preview:-1\" \/>\n<link rel=\"canonical\" href=\"https:\/\/evenemant.fi\/\" \/>\n<meta property=\"og:locale\" content=\"fi_FI\" \/>\n<meta property=\"og:type\" content=\"article\" \/>\n<meta property=\"og:title\" content=\"Etusivu - Evenemant - Events and Stuff\" \/>\n<meta property=\"og:description\" content=\"Evenemant Oy on t\u00e4yden palvelun tapahtumatuottaja, joka saa tapahtumasi onnistumaan. Toteutamme monenlaisia yleis\u00f6- ja yritystapahtumia.\" \/>\n<meta property=\"og:url\" content=\"https:\/\/evenemant.fi\/\" \/>\n<meta property=\"og:site_name\" content=\"Evenemant - Events and Stuff\" \/>\n<meta property=\"article:modified_time\" content=\"2025-09-02T16:04:18+00:00\" \/>\n<meta property=\"og:image\" content=\"https:\/\/evenemant.fi\/wp-content\/uploads\/2025\/09\/Evenemant-saa-tapahtumat-onnistumaan-1024x743.jpg\" \/>\n\t<meta property=\"og:image:width\" content=\"1024\" \/>\n\t<meta property=\"og:image:height\" content=\"743\" \/>\n\t<meta property=\"og:image:type\" content=\"image\/jpeg\" \/>\n<meta name=\"twitter:card\" content=\"summary_large_image\" \/>\n<meta name=\"twitter:label1\" content=\"Arvioitu lukuaika\" \/>\n\t<meta name=\"twitter:data1\" content=\"2 minuuttia\" \/>\n<script type=\"application\/ld+json\" class=\"yoast-schema-graph\">{\"@context\":\"https:\/\/schema.org\",\"@graph\":[{\"@type\":\"WebPage\",\"@id\":\"https:\/\/evenemant.fi\/\",\"url\":\"https:\/\/evenemant.fi\/\",\"name\":\"Etusivu - Evenemant - Events and Stuff\",\"isPartOf\":{\"@id\":\"https:\/\/evenemant.fi\/#website\"},\"primaryImageOfPage\":{\"@id\":\"https:\/\/evenemant.fi\/#primaryimage\"},\"image\":{\"@id\":\"https:\/\/evenemant.fi\/#primaryimage\"},\"thumbnailUrl\":\"https:\/\/evenemant.fi\/wp-content\/uploads\/2025\/09\/Evenemant-saa-tapahtumat-onnistumaan.jpg\",\"datePublished\":\"2025-09-02T14:50:20+00:00\",\"dateModified\":\"2025-09-02T16:04:18+00:00\",\"description\":\"Evenemant Oy on t\u00e4yden palvelun tapahtumatuottaja, joka saa tapahtumasi onnistumaan. Toteutamme monenlaisia yleis\u00f6- ja yritystapahtumia.\",\"breadcrumb\":{\"@id\":\"https:\/\/evenemant.fi\/#breadcrumb\"},\"inLanguage\":\"fi\",\"potentialAction\":[{\"@type\":\"ReadAction\",\"target\":[\"https:\/\/evenemant.fi\/\"]}]},{\"@type\":\"ImageObject\",\"inLanguage\":\"fi\",\"@id\":\"https:\/\/evenemant.fi\/#primaryimage\",\"url\":\"https:\/\/evenemant.fi\/wp-content\/uploads\/2025\/09\/Evenemant-saa-tapahtumat-onnistumaan.jpg\",\"contentUrl\":\"https:\/\/evenemant.fi\/wp-content\/uploads\/2025\/09\/Evenemant-saa-tapahtumat-onnistumaan.jpg\",\"width\":1240,\"height\":900},{\"@type\":\"BreadcrumbList\",\"@id\":\"https:\/\/evenemant.fi\/#breadcrumb\",\"itemListElement\":[{\"@type\":\"ListItem\",\"position\":1,\"name\":\"Etusivu\",\"item\":\"https:\/\/evenemant.fi\/\"},{\"@type\":\"ListItem\",\"position\":2,\"name\":\"Etusivu\"}]},{\"@type\":\"WebSite\",\"@id\":\"https:\/\/evenemant.fi\/#website\",\"url\":\"https:\/\/evenemant.fi\/\",\"name\":\"Evenemant - Events and Stuff\",\"description\":\"Tapahtumatuottaja, joka saa tapahtumasi onnistumaan\",\"publisher\":{\"@id\":\"https:\/\/evenemant.fi\/#organization\"},\"potentialAction\":[{\"@type\":\"SearchAction\",\"target\":{\"@type\":\"EntryPoint\",\"urlTemplate\":\"https:\/\/evenemant.fi\/?s={search_term_string}\"},\"query-input\":{\"@type\":\"PropertyValueSpecification\",\"valueRequired\":true,\"valueName\":\"search_term_string\"}}],\"inLanguage\":\"fi\"},{\"@type\":\"Organization\",\"@id\":\"https:\/\/evenemant.fi\/#organization\",\"name\":\"Evenemant - Events and Stuff\",\"url\":\"https:\/\/evenemant.fi\/\",\"logo\":{\"@type\":\"ImageObject\",\"inLanguage\":\"fi\",\"@id\":\"https:\/\/evenemant.fi\/#\/schema\/logo\/image\/\",\"url\":\"https:\/\/evenemant.fi\/wp-content\/uploads\/2025\/09\/Evenemant-virallinen-logo-musta-scaled.png\",\"contentUrl\":\"https:\/\/evenemant.fi\/wp-content\/uploads\/2025\/09\/Evenemant-virallinen-logo-musta-scaled.png\",\"width\":2560,\"height\":922,\"caption\":\"Evenemant - Events and Stuff\"},\"image\":{\"@id\":\"https:\/\/evenemant.fi\/#\/schema\/logo\/image\/\"}}]}<\/script>\n<!-- \/ Yoast SEO plugin. -->","yoast_head_json":{"title":"Etusivu - Evenemant - Events and Stuff","description":"Evenemant Oy on t\u00e4yden palvelun tapahtumatuottaja, joka saa tapahtumasi onnistumaan. Toteutamme monenlaisia yleis\u00f6- ja yritystapahtumia.","robots":{"index":"index","follow":"follow","max-snippet":"max-snippet:-1","max-image-preview":"max-image-preview:large","max-video-preview":"max-video-preview:-1"},"canonical":"https:\/\/evenemant.fi\/","og_locale":"fi_FI","og_type":"article","og_title":"Etusivu - Evenemant - Events and Stuff","og_description":"Evenemant Oy on t\u00e4yden palvelun tapahtumatuottaja, joka saa tapahtumasi onnistumaan. Toteutamme monenlaisia yleis\u00f6- ja yritystapahtumia.","og_url":"https:\/\/evenemant.fi\/","og_site_name":"Evenemant - Events and Stuff","article_modified_time":"2025-09-02T16:04:18+00:00","og_image":[{"width":1024,"height":743,"url":"https:\/\/evenemant.fi\/wp-content\/uploads\/2025\/09\/Evenemant-saa-tapahtumat-onnistumaan-1024x743.jpg","type":"image\/jpeg"}],"twitter_card":"summary_large_image","twitter_misc":{"Arvioitu lukuaika":"2 minuuttia"},"schema":{"@context":"https:\/\/schema.org","@graph":[{"@type":"WebPage","@id":"https:\/\/evenemant.fi\/","url":"https:\/\/evenemant.fi\/","name":"Etusivu - Evenemant - Events and Stuff","isPartOf":{"@id":"https:\/\/evenemant.fi\/#website"},"primaryImageOfPage":{"@id":"https:\/\/evenemant.fi\/#primaryimage"},"image":{"@id":"https:\/\/evenemant.fi\/#primaryimage"},"thumbnailUrl":"https:\/\/evenemant.fi\/wp-content\/uploads\/2025\/09\/Evenemant-saa-tapahtumat-onnistumaan.jpg","datePublished":"2025-09-02T14:50:20+00:00","dateModified":"2025-09-02T16:04:18+00:00","description":"Evenemant Oy on t\u00e4yden palvelun tapahtumatuottaja, joka saa tapahtumasi onnistumaan. Toteutamme monenlaisia yleis\u00f6- ja yritystapahtumia.","breadcrumb":{"@id":"https:\/\/evenemant.fi\/#breadcrumb"},"inLanguage":"fi","potentialAction":[{"@type":"ReadAction","target":["https:\/\/evenemant.fi\/"]}]},{"@type":"ImageObject","inLanguage":"fi","@id":"https:\/\/evenemant.fi\/#primaryimage","url":"https:\/\/evenemant.fi\/wp-content\/uploads\/2025\/09\/Evenemant-saa-tapahtumat-onnistumaan.jpg","contentUrl":"https:\/\/evenemant.fi\/wp-content\/uploads\/2025\/09\/Evenemant-saa-tapahtumat-onnistumaan.jpg","width":1240,"height":900},{"@type":"BreadcrumbList","@id":"https:\/\/evenemant.fi\/#breadcrumb","itemListElement":[{"@type":"ListItem","position":1,"name":"Etusivu","item":"https:\/\/evenemant.fi\/"},{"@type":"ListItem","position":2,"name":"Etusivu"}]},{"@type":"WebSite","@id":"https:\/\/evenemant.fi\/#website","url":"https:\/\/evenemant.fi\/","name":"Evenemant - Events and Stuff","description":"Tapahtumatuottaja, joka saa tapahtumasi onnistumaan","publisher":{"@id":"https:\/\/evenemant.fi\/#organization"},"potentialAction":[{"@type":"SearchAction","target":{"@type":"EntryPoint","urlTemplate":"https:\/\/evenemant.fi\/?s={search_term_string}"},"query-input":{"@type":"PropertyValueSpecification","valueRequired":true,"valueName":"search_term_string"}}],"inLanguage":"fi"},{"@type":"Organization","@id":"https:\/\/evenemant.fi\/#organization","name":"Evenemant - Events and Stuff","url":"https:\/\/evenemant.fi\/","logo":{"@type":"ImageObject","inLanguage":"fi","@id":"https:\/\/evenemant.fi\/#\/schema\/logo\/image\/","url":"https:\/\/evenemant.fi\/wp-content\/uploads\/2025\/09\/Evenemant-virallinen-logo-musta-scaled.png","contentUrl":"https:\/\/evenemant.fi\/wp-content\/uploads\/2025\/09\/Evenemant-virallinen-logo-musta-scaled.png","width":2560,"height":922,"caption":"Evenemant - Events and Stuff"},"image":{"@id":"https:\/\/evenemant.fi\/#\/schema\/logo\/image\/"}}]}},"_links":{"self":[{"href":"https:\/\/evenemant.fi\/index.php\/wp-json\/wp\/v2\/pages\/14","targetHints":{"allow":["GET"]}}],"collection":[{"href":"https:\/\/evenemant.fi\/index.php\/wp-json\/wp\/v2\/pages"}],"about":[{"href":"https:\/\/evenemant.fi\/index.php\/wp-json\/wp\/v2\/types\/page"}],"author":[{"embeddable":true,"href":"https:\/\/evenemant.fi\/index.php\/wp-json\/wp\/v2\/users\/1"}],"replies":[{"embeddable":true,"href":"https:\/\/evenemant.fi\/index.php\/wp-json\/wp\/v2\/comments?post=14"}],"version-history":[{"count":10,"href":"https:\/\/evenemant.fi\/index.php\/wp-json\/wp\/v2\/pages\/14\/revisions"}],"predecessor-version":[{"id":51,"href":"https:\/\/evenemant.fi\/index.php\/wp-json\/wp\/v2\/pages\/14\/revisions\/51"}],"wp:attachment":[{"href":"https:\/\/evenemant.fi\/index.php\/wp-json\/wp\/v2\/media?parent=14"}],"curies":[{"name":"wp","href":"https:\/\/api.w.org\/{rel}","templated":true}]}}